{"id":69,"date":"2026-05-15T14:34:01","date_gmt":"2026-05-15T12:34:01","guid":{"rendered":"https:\/\/meglight.fr\/?page_id=69"},"modified":"2026-05-15T14:34:54","modified_gmt":"2026-05-15T12:34:54","slug":"eclairage-barres-led","status":"publish","type":"page","link":"https:\/\/meglight.fr\/?page_id=69","title":{"rendered":"Eclairage &#8211; Barres LED"},"content":{"rendered":"\n<p class=\"has-medium-font-size\"><strong>Barres LED motoris\u00e9es Betopper L1015<\/strong><\/p>\n\n\n\n<p>Location 2 barres LED motoris\u00e9es Betopper L1015 (10 x 15 W RGBW chacune), id\u00e9ales pour concerts, soir\u00e9es DJ, spectacles, mariages ou \u00e9v\u00e8nements professionnels.<\/p>\n\n\n\n<ul class=\"wp-block-list\">\n<li>Faisceaux puissants et pr\u00e9cis<\/li>\n\n\n\n<li>Inclinaison motoris\u00e9es<\/li>\n\n\n\n<li>Contr\u00f4le DMX, automatique ou musical<\/li>\n<\/ul>\n\n\n\n<p>Possibilit\u00e9 de location sur plusieurs jours avec tarif d\u00e9gressif sur devis.<\/p>\n\n\n\n<figure class=\"wp-block-table\"><table class=\"has-fixed-layout\"><tbody><tr><td><strong>Configuration <\/strong><\/td><td class=\"has-text-align-center\" data-align=\"center\"><strong>Comprend&nbsp; &nbsp;&nbsp;&nbsp;&nbsp;&nbsp;&nbsp;&nbsp;&nbsp;&nbsp; <\/strong><\/td><td class=\"has-text-align-center\" data-align=\"center\"><strong>Tarif Week-end<\/strong><\/td><td class=\"has-text-align-center\" data-align=\"center\"><strong>Caution<\/strong><\/td><\/tr><tr><td>Pack 1 barre LED<\/td><td class=\"has-text-align-center\" data-align=\"center\">1 Barre Betopper LED L1015<\/td><td class=\"has-text-align-center\" data-align=\"center\">60\u20ac<\/td><td class=\"has-text-align-center\" data-align=\"center\">250\u20ac<\/td><\/tr><tr><td>Pack 2 barres LED<\/td><td class=\"has-text-align-center\" data-align=\"center\">2 Barres Betopper LED L1015<\/td><td class=\"has-text-align-center\" data-align=\"center\">100\u20ac<\/td><td class=\"has-text-align-center\" data-align=\"center\">500\u20ac<\/td><\/tr><\/tbody><\/table><\/figure>\n\n\n\n<p><strong>Le tarif comprend livraison + montage + d\u00e9montage.<\/strong><\/p>\n\n\n\n<p>Livraison incluse dans un rayon de 50 km. Au del\u00e0, suppl\u00e9ment&nbsp;: <strong>0,70 \u20ac par kilom\u00e8tre suppl\u00e9mentaire<\/strong>.<\/p>\n\n\n\n<figure class=\"wp-block-image size-medium\"><img loading=\"lazy\" decoding=\"async\" width=\"300\" height=\"85\" src=\"https:\/\/meglight.fr\/wp-content\/uploads\/2026\/05\/barre-Led-Betopper-300x85.png\" alt=\"\" class=\"wp-image-72\" srcset=\"https:\/\/meglight.fr\/wp-content\/uploads\/2026\/05\/barre-Led-Betopper-300x85.png 300w, https:\/\/meglight.fr\/wp-content\/uploads\/2026\/05\/barre-Led-Betopper-1024x291.png 1024w, https:\/\/meglight.fr\/wp-content\/uploads\/2026\/05\/barre-Led-Betopper-768x218.png 768w, https:\/\/meglight.fr\/wp-content\/uploads\/2026\/05\/barre-Led-Betopper-1536x436.png 1536w, https:\/\/meglight.fr\/wp-content\/uploads\/2026\/05\/barre-Led-Betopper-2048x582.png 2048w\" sizes=\"auto, (max-width: 300px) 100vw, 300px\" \/><\/figure>\n\n\n\n<br>\n","protected":false},"excerpt":{"rendered":"<p>Barres LED motoris\u00e9es Betopper L1015 Location 2 barres LED motoris\u00e9es Betopper L1015 (10 x 15 W RGBW chacune), id\u00e9ales pour concerts, soir\u00e9es<\/p>\n<p class=\"link-more\"><a class=\"myButt \" href=\"https:\/\/meglight.fr\/?page_id=69\">Read More<\/a><\/p>\n","protected":false},"author":1,"featured_media":0,"parent":0,"menu_order":0,"comment_status":"closed","ping_status":"closed","template":"","meta":{"footnotes":""},"class_list":["post-69","page","type-page","status-publish","hentry"],"_links":{"self":[{"href":"https:\/\/meglight.fr\/index.php?rest_route=\/wp\/v2\/pages\/69","targetHints":{"allow":["GET"]}}],"collection":[{"href":"https:\/\/meglight.fr\/index.php?rest_route=\/wp\/v2\/pages"}],"about":[{"href":"https:\/\/meglight.fr\/index.php?rest_route=\/wp\/v2\/types\/page"}],"author":[{"embeddable":true,"href":"https:\/\/meglight.fr\/index.php?rest_route=\/wp\/v2\/users\/1"}],"replies":[{"embeddable":true,"href":"https:\/\/meglight.fr\/index.php?rest_route=%2Fwp%2Fv2%2Fcomments&post=69"}],"version-history":[{"count":2,"href":"https:\/\/meglight.fr\/index.php?rest_route=\/wp\/v2\/pages\/69\/revisions"}],"predecessor-version":[{"id":73,"href":"https:\/\/meglight.fr\/index.php?rest_route=\/wp\/v2\/pages\/69\/revisions\/73"}],"wp:attachment":[{"href":"https:\/\/meglight.fr\/index.php?rest_route=%2Fwp%2Fv2%2Fmedia&parent=69"}],"curies":[{"name":"wp","href":"https:\/\/api.w.org\/{rel}","templated":true}]}}