{"id":50,"date":"2026-05-15T11:33:48","date_gmt":"2026-05-15T09:33:48","guid":{"rendered":"https:\/\/meglight.fr\/?page_id=50"},"modified":"2026-05-15T11:36:19","modified_gmt":"2026-05-15T09:36:19","slug":"machine-a-jet-de-fumee","status":"publish","type":"page","link":"https:\/\/meglight.fr\/?page_id=50","title":{"rendered":"Machine \u00e0 Jet de fum\u00e9e"},"content":{"rendered":"\n<p class=\"has-medium-font-size\"><strong><strong>Machine \u00e0 Jet de fum\u00e9e type CO2 verticale<\/strong><\/strong><\/p>\n\n\n\n<br>\n\n\n\n<p>Location de machines \u00e0 effet, sp\u00e9cial professionnelles ADJ Fog Fury Jett Pro. Id\u00e9ales pour DJ, mariages, soir\u00e9es priv\u00e9es et \u00e9v\u00e8nements<\/p>\n\n\n\n<p>Fournis avec 500ml de produit par machine. + 5\u20ac les 500ml suppl\u00e9mentaires<\/p>\n\n\n\n<p>Possibilit\u00e9 de location sur plusieurs jours avec tarif d\u00e9gressif sur devis.<\/p>\n\n\n\n<figure class=\"wp-block-table\"><table class=\"has-fixed-layout\"><tbody><tr><td><strong>Configuration <\/strong><\/td><td class=\"has-text-align-center\" data-align=\"center\"><strong>Tarif Week-end<\/strong><\/td><td class=\"has-text-align-center\" data-align=\"center\"><strong>Caution<\/strong><\/td><\/tr><tr><td>1 machine ADJ Fog Fury Jett Pro<\/td><td class=\"has-text-align-center\" data-align=\"center\">110\u20ac<\/td><td class=\"has-text-align-center\" data-align=\"center\">500\u20ac<\/td><\/tr><tr><td>2 machines ADJ Fog Fury Jett Pro<\/td><td class=\"has-text-align-center\" data-align=\"center\">200\u20ac<\/td><td class=\"has-text-align-center\" data-align=\"center\">900\u20ac<\/td><\/tr><\/tbody><\/table><\/figure>\n\n\n\n<p><strong>Le tarif comprend livraison + montage + d\u00e9montage.<\/strong><\/p>\n\n\n\n<p>Livraison incluse dans un rayon de 50 km. Au del\u00e0, suppl\u00e9ment&nbsp;: <strong>0,70 \u20ac par kilom\u00e8tre suppl\u00e9mentaire<\/strong>.<\/p>\n\n\n\n<figure class=\"wp-block-image size-medium\"><img loading=\"lazy\" decoding=\"async\" width=\"300\" height=\"93\" src=\"https:\/\/meglight.fr\/wp-content\/uploads\/2026\/05\/Machine-a-Jet-de-fumee-300x93.png\" alt=\"\" class=\"wp-image-51\" srcset=\"https:\/\/meglight.fr\/wp-content\/uploads\/2026\/05\/Machine-a-Jet-de-fumee-300x93.png 300w, https:\/\/meglight.fr\/wp-content\/uploads\/2026\/05\/Machine-a-Jet-de-fumee-1024x317.png 1024w, https:\/\/meglight.fr\/wp-content\/uploads\/2026\/05\/Machine-a-Jet-de-fumee-768x238.png 768w, https:\/\/meglight.fr\/wp-content\/uploads\/2026\/05\/Machine-a-Jet-de-fumee-1536x476.png 1536w, https:\/\/meglight.fr\/wp-content\/uploads\/2026\/05\/Machine-a-Jet-de-fumee-2048x635.png 2048w\" sizes=\"auto, (max-width: 300px) 100vw, 300px\" \/><\/figure>\n\n\n\n<br>\n","protected":false},"excerpt":{"rendered":"<p>Machine \u00e0 Jet de fum\u00e9e type CO2 verticale Location de machines \u00e0 effet, sp\u00e9cial professionnelles ADJ Fog Fury Jett Pro. Id\u00e9ales pour<\/p>\n<p class=\"link-more\"><a class=\"myButt \" href=\"https:\/\/meglight.fr\/?page_id=50\">Read More<\/a><\/p>\n","protected":false},"author":1,"featured_media":0,"parent":0,"menu_order":0,"comment_status":"closed","ping_status":"closed","template":"","meta":{"footnotes":""},"class_list":["post-50","page","type-page","status-publish","hentry"],"_links":{"self":[{"href":"https:\/\/meglight.fr\/index.php?rest_route=\/wp\/v2\/pages\/50","targetHints":{"allow":["GET"]}}],"collection":[{"href":"https:\/\/meglight.fr\/index.php?rest_route=\/wp\/v2\/pages"}],"about":[{"href":"https:\/\/meglight.fr\/index.php?rest_route=\/wp\/v2\/types\/page"}],"author":[{"embeddable":true,"href":"https:\/\/meglight.fr\/index.php?rest_route=\/wp\/v2\/users\/1"}],"replies":[{"embeddable":true,"href":"https:\/\/meglight.fr\/index.php?rest_route=%2Fwp%2Fv2%2Fcomments&post=50"}],"version-history":[{"count":3,"href":"https:\/\/meglight.fr\/index.php?rest_route=\/wp\/v2\/pages\/50\/revisions"}],"predecessor-version":[{"id":55,"href":"https:\/\/meglight.fr\/index.php?rest_route=\/wp\/v2\/pages\/50\/revisions\/55"}],"wp:attachment":[{"href":"https:\/\/meglight.fr\/index.php?rest_route=%2Fwp%2Fv2%2Fmedia&parent=50"}],"curies":[{"name":"wp","href":"https:\/\/api.w.org\/{rel}","templated":true}]}}