{"id":31,"date":"2026-05-15T10:55:06","date_gmt":"2026-05-15T08:55:06","guid":{"rendered":"https:\/\/meglight.fr\/?page_id=31"},"modified":"2026-05-15T11:12:23","modified_gmt":"2026-05-15T09:12:23","slug":"packs-structure-aluminium-global-truss-f33-eclairage-lyres-varytec-hero-spot-90","status":"publish","type":"page","link":"https:\/\/meglight.fr\/?page_id=31","title":{"rendered":"Structure + \u00e9clairage"},"content":{"rendered":"\n<p class=\"has-medium-font-size\"><strong>Packs Structure Aluminium Global Truss F33 + \u00e9clairage (Lyres Varytec Hero Spot 90)<\/strong><\/p>\n\n\n\n<p>Inclus: C\u00e2bles, fixations standards, cordons de s\u00e9curit\u00e9.<\/p>\n\n\n\n<p>Possibilit\u00e9 de location sur plusieurs jours avec tarif d\u00e9gressif sur devis.<\/p>\n\n\n\n<figure class=\"wp-block-table\"><table class=\"has-fixed-layout\"><tbody><tr><td><strong>Configuration <\/strong><\/td><td class=\"has-text-align-center\" data-align=\"center\"><strong>Comprend&nbsp; &nbsp;&nbsp;&nbsp;&nbsp;&nbsp;&nbsp;&nbsp;&nbsp;&nbsp; <\/strong><\/td><td class=\"has-text-align-center\" data-align=\"center\"><strong>Tarif Week-end<\/strong><\/td><td class=\"has-text-align-center\" data-align=\"center\"><strong>Caution<\/strong><\/td><\/tr><tr><td>Pack Basic<\/td><td class=\"has-text-align-center\" data-align=\"center\">Structure 2&#215;2+2 lyres<\/td><td class=\"has-text-align-center\" data-align=\"center\">380\u20ac<\/td><td class=\"has-text-align-center\" data-align=\"center\">2000\u20ac<\/td><\/tr><tr><td>Pack Event<\/td><td class=\"has-text-align-center\" data-align=\"center\">Structure 3&#215;3+4 lyres<\/td><td class=\"has-text-align-center\" data-align=\"center\">600\u20ac<\/td><td class=\"has-text-align-center\" data-align=\"center\">2500\u20ac<\/td><\/tr><tr><td>Pack Premium<\/td><td class=\"has-text-align-center\" data-align=\"center\">Structure 3&#215;4+4 lyres<\/td><td class=\"has-text-align-center\" data-align=\"center\">450\u20ac<\/td><td class=\"has-text-align-center\" data-align=\"center\">3000\u20ac<\/td><\/tr><tr><td>Pack DJ Pro<\/td><td class=\"has-text-align-center\" data-align=\"center\">Structure 3&#215;5+4 lyres<\/td><td class=\"has-text-align-center\" data-align=\"center\">720\u20ac<\/td><td class=\"has-text-align-center\" data-align=\"center\">3000\u20ac<\/td><\/tr><tr><td>Pack Show<\/td><td class=\"has-text-align-center\" data-align=\"center\">Structure 3&#215;6 ou 4&#215;6+4 lyres<\/td><td class=\"has-text-align-center\" data-align=\"center\">850\u20ac\/900\u20ac<\/td><td class=\"has-text-align-center\" data-align=\"center\">4000\u20ac<\/td><\/tr><\/tbody><\/table><\/figure>\n\n\n\n<p><strong>Le tarif comprend livraison + montage + d\u00e9montage.<\/strong><\/p>\n\n\n\n<p>Livraison incluse dans un rayon de 50 km. Au del\u00e0, suppl\u00e9ment&nbsp;: <strong>0,70 \u20ac par kilom\u00e8tre suppl\u00e9mentaire<\/strong>.<\/p>\n\n\n\n<figure class=\"wp-block-image size-medium\"><img loading=\"lazy\" decoding=\"async\" width=\"232\" height=\"300\" src=\"https:\/\/meglight.fr\/wp-content\/uploads\/2026\/05\/Structure-Aluminium-Global-Truss-F33-eclairage-232x300.png\" alt=\"\" class=\"wp-image-37\" srcset=\"https:\/\/meglight.fr\/wp-content\/uploads\/2026\/05\/Structure-Aluminium-Global-Truss-F33-eclairage-232x300.png 232w, https:\/\/meglight.fr\/wp-content\/uploads\/2026\/05\/Structure-Aluminium-Global-Truss-F33-eclairage.png 293w\" sizes=\"auto, (max-width: 232px) 100vw, 232px\" \/><\/figure>\n\n\n\n<figure class=\"wp-block-image size-medium\"><img loading=\"lazy\" decoding=\"async\" width=\"300\" height=\"120\" src=\"https:\/\/meglight.fr\/wp-content\/uploads\/2026\/05\/lyres-professionnelles-Console-DMX-300x120.png\" alt=\"\" class=\"wp-image-39\" srcset=\"https:\/\/meglight.fr\/wp-content\/uploads\/2026\/05\/lyres-professionnelles-Console-DMX-300x120.png 300w, https:\/\/meglight.fr\/wp-content\/uploads\/2026\/05\/lyres-professionnelles-Console-DMX-1024x410.png 1024w, https:\/\/meglight.fr\/wp-content\/uploads\/2026\/05\/lyres-professionnelles-Console-DMX-768x307.png 768w, https:\/\/meglight.fr\/wp-content\/uploads\/2026\/05\/lyres-professionnelles-Console-DMX-1536x614.png 1536w, https:\/\/meglight.fr\/wp-content\/uploads\/2026\/05\/lyres-professionnelles-Console-DMX-2048x819.png 2048w\" sizes=\"auto, (max-width: 300px) 100vw, 300px\" \/><\/figure>\n\n\n\n<br>\n","protected":false},"excerpt":{"rendered":"<p>Packs Structure Aluminium Global Truss F33 + \u00e9clairage (Lyres Varytec Hero Spot 90) Inclus: C\u00e2bles, fixations standards, cordons de s\u00e9curit\u00e9. Possibilit\u00e9 de<\/p>\n<p class=\"link-more\"><a class=\"myButt \" href=\"https:\/\/meglight.fr\/?page_id=31\">Read More<\/a><\/p>\n","protected":false},"author":1,"featured_media":0,"parent":0,"menu_order":0,"comment_status":"closed","ping_status":"closed","template":"","meta":{"footnotes":""},"class_list":["post-31","page","type-page","status-publish","hentry"],"_links":{"self":[{"href":"https:\/\/meglight.fr\/index.php?rest_route=\/wp\/v2\/pages\/31","targetHints":{"allow":["GET"]}}],"collection":[{"href":"https:\/\/meglight.fr\/index.php?rest_route=\/wp\/v2\/pages"}],"about":[{"href":"https:\/\/meglight.fr\/index.php?rest_route=\/wp\/v2\/types\/page"}],"author":[{"embeddable":true,"href":"https:\/\/meglight.fr\/index.php?rest_route=\/wp\/v2\/users\/1"}],"replies":[{"embeddable":true,"href":"https:\/\/meglight.fr\/index.php?rest_route=%2Fwp%2Fv2%2Fcomments&post=31"}],"version-history":[{"count":4,"href":"https:\/\/meglight.fr\/index.php?rest_route=\/wp\/v2\/pages\/31\/revisions"}],"predecessor-version":[{"id":41,"href":"https:\/\/meglight.fr\/index.php?rest_route=\/wp\/v2\/pages\/31\/revisions\/41"}],"wp:attachment":[{"href":"https:\/\/meglight.fr\/index.php?rest_route=%2Fwp%2Fv2%2Fmedia&parent=31"}],"curies":[{"name":"wp","href":"https:\/\/api.w.org\/{rel}","templated":true}]}}