{"id":2,"date":"2026-05-09T10:59:49","date_gmt":"2026-05-09T08:59:49","guid":{"rendered":"https:\/\/meglight.fr\/?page_id=2"},"modified":"2026-05-09T16:25:25","modified_gmt":"2026-05-09T14:25:25","slug":"page-d-exemple","status":"publish","type":"page","link":"https:\/\/meglight.fr\/?page_id=2","title":{"rendered":"Location de mat\u00e9riel"},"content":{"rendered":"\n<p>Le mat\u00e9riel list\u00e9 ci-dessous est ouvert \u00e0 la location.<\/p>\n\n\n\n<figure class=\"wp-block-table\"><table class=\"has-fixed-layout\"><tbody><tr><td>Type de mat\u00e9riel<\/td><td>Mod\u00e8le<\/td><td>Pr\u00e9sentation<\/td><td>D\u00e9p\u00f4t de garantie<\/td><td>Montant location\/jour<\/td><\/tr><tr><td><\/td><td><\/td><td><\/td><td><\/td><td><\/td><\/tr><\/tbody><\/table><\/figure>\n\n\n\n<p>Demande de devis de location<\/p>\n\n\n\n<br>\n","protected":false},"excerpt":{"rendered":"<p>Le mat\u00e9riel list\u00e9 ci-dessous est ouvert \u00e0 la location. Type de mat\u00e9riel Mod\u00e8le Pr\u00e9sentation D\u00e9p\u00f4t de garantie Montant location\/jour Demande de devis<\/p>\n<p class=\"link-more\"><a class=\"myButt \" href=\"https:\/\/meglight.fr\/?page_id=2\">Read More<\/a><\/p>\n","protected":false},"author":1,"featured_media":0,"parent":0,"menu_order":0,"comment_status":"closed","ping_status":"open","template":"","meta":{"footnotes":""},"class_list":["post-2","page","type-page","status-publish","hentry"],"_links":{"self":[{"href":"https:\/\/meglight.fr\/index.php?rest_route=\/wp\/v2\/pages\/2","targetHints":{"allow":["GET"]}}],"collection":[{"href":"https:\/\/meglight.fr\/index.php?rest_route=\/wp\/v2\/pages"}],"about":[{"href":"https:\/\/meglight.fr\/index.php?rest_route=\/wp\/v2\/types\/page"}],"author":[{"embeddable":true,"href":"https:\/\/meglight.fr\/index.php?rest_route=\/wp\/v2\/users\/1"}],"replies":[{"embeddable":true,"href":"https:\/\/meglight.fr\/index.php?rest_route=%2Fwp%2Fv2%2Fcomments&post=2"}],"version-history":[{"count":2,"href":"https:\/\/meglight.fr\/index.php?rest_route=\/wp\/v2\/pages\/2\/revisions"}],"predecessor-version":[{"id":10,"href":"https:\/\/meglight.fr\/index.php?rest_route=\/wp\/v2\/pages\/2\/revisions\/10"}],"wp:attachment":[{"href":"https:\/\/meglight.fr\/index.php?rest_route=%2Fwp%2Fv2%2Fmedia&parent=2"}],"curies":[{"name":"wp","href":"https:\/\/api.w.org\/{rel}","templated":true}]}}