{"id":110,"date":"2026-05-15T16:32:12","date_gmt":"2026-05-15T14:32:12","guid":{"rendered":"https:\/\/meglight.fr\/?page_id=110"},"modified":"2026-05-15T16:39:38","modified_gmt":"2026-05-15T14:39:38","slug":"devis-location-de-materiel","status":"publish","type":"page","link":"https:\/\/meglight.fr\/?page_id=110","title":{"rendered":"Devis &#8211; Location de mat\u00e9riel"},"content":{"rendered":"<style id=\"wpforms-css-vars-105-block-e90c2dc3-8053-4d48-9251-f1d7934ff06a\">\n\t\t\t\t#wpforms-105.wpforms-block-e90c2dc3-8053-4d48-9251-f1d7934ff06a {\n\t\t\t\t--wpforms-label-color: #fcb900;\n--wpforms-label-sublabel-color: #fcb900;\n--wpforms-field-border-color: rgba(0, 0, 0, 0.25);\n--wpforms-field-border-color-spare: rgba(0, 0, 0, 0.25);\n--wpforms-field-text-color: rgba(0, 0, 0, 0.7);\n--wpforms-field-size-input-height: 43px;\n--wpforms-field-size-input-spacing: 15px;\n--wpforms-field-size-font-size: 16px;\n--wpforms-field-size-line-height: 19px;\n--wpforms-field-size-padding-h: 14px;\n--wpforms-field-size-checkbox-size: 16px;\n--wpforms-field-size-sublabel-spacing: 5px;\n--wpforms-field-size-icon-size: 1;\n--wpforms-label-size-font-size: 16px;\n--wpforms-label-size-line-height: 19px;\n--wpforms-label-size-sublabel-font-size: 14px;\n--wpforms-label-size-sublabel-line-height: 17px;\n--wpforms-button-size-font-size: 17px;\n--wpforms-button-size-height: 41px;\n--wpforms-button-size-padding-h: 15px;\n--wpforms-button-size-margin-top: 10px;\n\t\t\t}\n\t\t\t<\/style><div class=\"wpforms-container wpforms-container-full wpforms-block wpforms-block-e90c2dc3-8053-4d48-9251-f1d7934ff06a wpforms-render-modern\" id=\"wpforms-105\"><form id=\"wpforms-form-105\" class=\"wpforms-validate wpforms-form wpforms-ajax-form\" data-formid=\"105\" method=\"post\" enctype=\"multipart\/form-data\" action=\"\/index.php?rest_route=%2Fwp%2Fv2%2Fpages%2F110\" data-token=\"172892ce925b2cbee00e7e5d919f2d6c\" data-token-time=\"1778864302\"><noscript class=\"wpforms-error-noscript\">Veuillez activer JavaScript dans votre navigateur pour remplir ce formulaire.<\/noscript><div id=\"wpforms-error-noscript\" style=\"display: none;\">Veuillez activer JavaScript dans votre navigateur pour remplir ce formulaire.<\/div><div class=\"wpforms-field-container\"><div id=\"wpforms-105-field_2-container\" class=\"wpforms-field wpforms-field-name\" data-field-id=\"2\"><fieldset><legend class=\"wpforms-field-label\">Coordonn\u00e9es <span class=\"wpforms-required-label\" aria-hidden=\"true\">*<\/span><\/legend><div class=\"wpforms-field-row wpforms-field-medium\"><div class=\"wpforms-field-row-block wpforms-first wpforms-one-half\"><input type=\"text\" id=\"wpforms-105-field_2\" class=\"wpforms-field-name-first wpforms-field-required\" name=\"wpforms[fields][2][first]\" aria-errormessage=\"wpforms-105-field_2-error\" required><label for=\"wpforms-105-field_2\" class=\"wpforms-field-sublabel after\">Pr\u00e9nom<\/label><\/div><div class=\"wpforms-field-row-block wpforms-one-half\"><input type=\"text\" id=\"wpforms-105-field_2-last\" class=\"wpforms-field-name-last wpforms-field-required\" name=\"wpforms[fields][2][last]\" aria-errormessage=\"wpforms-105-field_2-last-error\" required><label for=\"wpforms-105-field_2-last\" class=\"wpforms-field-sublabel after\">Nom<\/label><\/div><\/div><\/fieldset><\/div><div id=\"wpforms-105-field_3-container\" class=\"wpforms-field wpforms-field-email\" data-field-id=\"3\"><label class=\"wpforms-field-label\" for=\"wpforms-105-field_3\">E-mail <span class=\"wpforms-required-label\" aria-hidden=\"true\">*<\/span><\/label><input type=\"email\" id=\"wpforms-105-field_3\" class=\"wpforms-field-medium wpforms-field-required\" name=\"wpforms[fields][3]\" spellcheck=\"false\" aria-errormessage=\"wpforms-105-field_3-error\" required><\/div><div id=\"wpforms-105-field_4-container\" class=\"wpforms-field wpforms-field-number\" data-field-id=\"4\"><label class=\"wpforms-field-label\" for=\"wpforms-105-field_4\">T\u00e9l\u00e9phone mobile <span class=\"wpforms-required-label\" aria-hidden=\"true\">*<\/span><\/label><input type=\"number\" id=\"wpforms-105-field_4\" class=\"wpforms-field-medium wpforms-field-required\" name=\"wpforms[fields][4]\" step=\"any\" aria-errormessage=\"wpforms-105-field_4-error\" required><\/div><div id=\"wpforms-105-field_5-container\" class=\"wpforms-field wpforms-field-select wpforms-field-select-style-classic\" data-field-id=\"5\"><label class=\"wpforms-field-label\" for=\"wpforms-105-field_5\">Structure seule<\/label><select id=\"wpforms-105-field_5\" class=\"wpforms-field-medium\" name=\"wpforms[fields][5]\"><option value=\"\" class=\"placeholder\" disabled  selected='selected'>S\u00e9lectionnez le mat\u00e9riel souhait\u00e9<\/option><option value=\"Structure 2x2m\"  class=\"choice-1 depth-1\"  >Structure 2x2m<\/option><option value=\"Structure 2x3m\"  class=\"choice-2 depth-1\"  >Structure 2x3m<\/option><option value=\"Structure 3x3m\"  class=\"choice-4 depth-1\"  >Structure 3x3m<\/option><option value=\"Structure 3x4\"  class=\"choice-3 depth-1\"  >Structure 3&#215;4<\/option><option value=\"Structure 3x5\"  class=\"choice-5 depth-1\"  >Structure 3&#215;5<\/option><option value=\"Structure 3x6\"  class=\"choice-6 depth-1\"  >Structure 3&#215;6<\/option><option value=\"Structure 4x3\"  class=\"choice-7 depth-1\"  >Structure 4&#215;3<\/option><option value=\"Structure 4x6\"  class=\"choice-8 depth-1\"  >Structure 4&#215;6<\/option><\/select><\/div><div id=\"wpforms-105-field_6-container\" class=\"wpforms-field wpforms-field-select wpforms-field-select-style-classic\" data-field-id=\"6\"><label class=\"wpforms-field-label\" for=\"wpforms-105-field_6\">Pack structure+\u00e9clairage<\/label><select id=\"wpforms-105-field_6\" class=\"wpforms-field-medium\" name=\"wpforms[fields][6]\"><option value=\"\" class=\"placeholder\" disabled  selected='selected'>S\u00e9lectionnez le mat\u00e9riel souhait\u00e9<\/option><option value=\"BASIC - Structure 2\u00d72+2 lyres\"  class=\"choice-1 depth-1\"  >BASIC &#8211; Structure 2\u00d72+2 lyres<\/option><option value=\"EVENT - Structure 3\u00d73+4 lyres\"  class=\"choice-2 depth-1\"  >EVENT &#8211; Structure 3\u00d73+4 lyres<\/option><option value=\"PREMIUM - Structure 3\u00d74+4 lyres\"  class=\"choice-3 depth-1\"  >PREMIUM &#8211; Structure 3\u00d74+4 lyres<\/option><option value=\"DJ PRO - Structure 3\u00d75+4 lyres\"  class=\"choice-4 depth-1\"  >DJ PRO &#8211; Structure 3\u00d75+4 lyres<\/option><option value=\"SHOW - Structure 3\u00d76 ou 4\u00d76+4 lyres\"  class=\"choice-5 depth-1\"  >SHOW &#8211; Structure 3\u00d76 ou 4\u00d76+4 lyres<\/option><\/select><\/div><div id=\"wpforms-105-field_7-container\" class=\"wpforms-field wpforms-field-select wpforms-field-select-style-classic\" data-field-id=\"7\"><label class=\"wpforms-field-label\" for=\"wpforms-105-field_7\">Sonorisation &#8211; LD System Maui 28 G2<\/label><select id=\"wpforms-105-field_7\" class=\"wpforms-field-medium\" name=\"wpforms[fields][7]\"><option value=\"\" class=\"placeholder\" disabled  selected='selected'>S\u00e9lectionnez le mat\u00e9riel souhait\u00e9<\/option><option value=\"1 HP LD System\"  class=\"choice-1 depth-1\"  >1 HP LD System<\/option><option value=\"2 HP LD System\"  class=\"choice-2 depth-1\"  >2 HP LD System<\/option><\/select><\/div><div id=\"wpforms-105-field_8-container\" class=\"wpforms-field wpforms-field-select wpforms-field-select-style-classic\" data-field-id=\"8\"><label class=\"wpforms-field-label\" for=\"wpforms-105-field_8\">Eclairage \u2013 Lyres<\/label><select id=\"wpforms-105-field_8\" class=\"wpforms-field-medium\" name=\"wpforms[fields][8]\"><option value=\"\" class=\"placeholder\" disabled  selected='selected'>S\u00e9lectionnez le mat\u00e9riel souhait\u00e9<\/option><option value=\"2 lyres Varytec\"  class=\"choice-1 depth-1\"  >2 lyres Varytec<\/option><option value=\"4 lyres Varytec\"  class=\"choice-2 depth-1\"  >4 lyres Varytec<\/option><\/select><\/div><div id=\"wpforms-105-field_9-container\" class=\"wpforms-field wpforms-field-select wpforms-field-select-style-classic\" data-field-id=\"9\"><label class=\"wpforms-field-label\" for=\"wpforms-105-field_9\">Eclairage \u2013 Barres LED<\/label><select id=\"wpforms-105-field_9\" class=\"wpforms-field-medium\" name=\"wpforms[fields][9]\"><option value=\"\" class=\"placeholder\" disabled  selected='selected'>S\u00e9lectionnez le mat\u00e9riel souhait\u00e9<\/option><option value=\"1 Barre Betopper LED L1015\"  class=\"choice-1 depth-1\"  >1 Barre Betopper LED L1015<\/option><option value=\"2 Barre Betopper LED L1015\"  class=\"choice-2 depth-1\"  >2 Barre Betopper LED L1015<\/option><\/select><\/div>\t\t<div id=\"wpforms-105-field_1-container\"\n\t\t\tclass=\"wpforms-field wpforms-field-text\"\n\t\t\tdata-field-type=\"text\"\n\t\t\tdata-field-id=\"1\"\n\t\t\t>\n\t\t\t<label class=\"wpforms-field-label\" for=\"wpforms-105-field_1\" >location T\u00e9l\u00e9phone LED<\/label>\n\t\t\t<input type=\"text\" id=\"wpforms-105-field_1\" class=\"wpforms-field-medium\" name=\"wpforms[fields][1]\" >\n\t\t<\/div>\n\t\t<div id=\"wpforms-105-field_10-container\" class=\"wpforms-field wpforms-field-select wpforms-field-select-style-classic\" data-field-id=\"10\"><label class=\"wpforms-field-label\" for=\"wpforms-105-field_10\">Machine \u00e0 fum\u00e9e<\/label><select id=\"wpforms-105-field_10\" class=\"wpforms-field-medium\" name=\"wpforms[fields][10]\"><option value=\"\" class=\"placeholder\" disabled  selected='selected'>S\u00e9lectionnez le mat\u00e9riel souhait\u00e9<\/option><option value=\"1 machine ADJ Fog Fury Jett Pro\"  class=\"choice-1 depth-1\"  >1 machine ADJ Fog Fury Jett Pro<\/option><option value=\"2 machine ADJ Fog Fury Jett Pro\"  class=\"choice-2 depth-1\"  >2 machine ADJ Fog Fury Jett Pro<\/option><\/select><\/div><div id=\"wpforms-105-field_11-container\" class=\"wpforms-field wpforms-field-text\" data-field-id=\"11\"><label class=\"wpforms-field-label\" for=\"wpforms-105-field_11\">Date de location souhait\u00e9 <span class=\"wpforms-required-label\" aria-hidden=\"true\">*<\/span><\/label><input type=\"text\" id=\"wpforms-105-field_11\" class=\"wpforms-field-medium wpforms-field-required\" name=\"wpforms[fields][11]\" aria-errormessage=\"wpforms-105-field_11-error\" required><\/div><div id=\"wpforms-105-field_12-container\" class=\"wpforms-field wpforms-field-text\" data-field-id=\"12\"><label class=\"wpforms-field-label\" for=\"wpforms-105-field_12\">Adresse de livraison (n\u00b0, rue, CP, ville) <span class=\"wpforms-required-label\" aria-hidden=\"true\">*<\/span><\/label><input type=\"text\" id=\"wpforms-105-field_12\" class=\"wpforms-field-medium wpforms-field-required\" name=\"wpforms[fields][12]\" aria-errormessage=\"wpforms-105-field_12-error\" aria-describedby=\"wpforms-105-field_12-description\" required><div id=\"wpforms-105-field_12-description\" class=\"wpforms-field-description\">Adresse compl\u00e8te<\/div><\/div><script>\n\t\t\t\t( function() {\n\t\t\t\t\tconst style = document.createElement( 'style' );\n\t\t\t\t\tstyle.appendChild( document.createTextNode( '#wpforms-105-field_1-container { position: absolute !important; overflow: hidden !important; display: inline !important; height: 1px !important; width: 1px !important; z-index: -1000 !important; padding: 0 !important; } #wpforms-105-field_1-container input { visibility: hidden; } #wpforms-conversational-form-page #wpforms-105-field_1-container label { counter-increment: none; }' ) );\n\t\t\t\t\tdocument.head.appendChild( style );\n\t\t\t\t\tdocument.currentScript?.remove();\n\t\t\t\t} )();\n\t\t\t<\/script><\/div><!-- .wpforms-field-container --><div class=\"wpforms-submit-container\" ><input type=\"hidden\" name=\"wpforms[id]\" value=\"105\"><input type=\"hidden\" name=\"page_title\" value=\"\"><input type=\"hidden\" name=\"page_url\" value=\"https:\/\/meglight.fr\/index.php?rest_route=\/wp\/v2\/pages\/110\"><input type=\"hidden\" name=\"url_referer\" value=\"\"><button type=\"submit\" name=\"wpforms[submit]\" id=\"wpforms-submit-105\" class=\"wpforms-submit\" data-alt-text=\"Envoi...\" data-submit-text=\"Envoyer\" aria-live=\"assertive\" value=\"wpforms-submit\">Envoyer<\/button><img loading=\"lazy\" decoding=\"async\" src=\"https:\/\/meglight.fr\/wp-content\/plugins\/wpforms-lite\/assets\/images\/submit-spin.svg\" class=\"wpforms-submit-spinner\" style=\"display: none;\" width=\"26\" height=\"26\" alt=\"Chargement en cours\"><\/div><\/form><\/div>  <!-- .wpforms-container -->","protected":false},"excerpt":{"rendered":"","protected":false},"author":1,"featured_media":0,"parent":0,"menu_order":0,"comment_status":"closed","ping_status":"closed","template":"","meta":{"footnotes":""},"class_list":["post-110","page","type-page","status-publish","hentry"],"_links":{"self":[{"href":"https:\/\/meglight.fr\/index.php?rest_route=\/wp\/v2\/pages\/110","targetHints":{"allow":["GET"]}}],"collection":[{"href":"https:\/\/meglight.fr\/index.php?rest_route=\/wp\/v2\/pages"}],"about":[{"href":"https:\/\/meglight.fr\/index.php?rest_route=\/wp\/v2\/types\/page"}],"author":[{"embeddable":true,"href":"https:\/\/meglight.fr\/index.php?rest_route=\/wp\/v2\/users\/1"}],"replies":[{"embeddable":true,"href":"https:\/\/meglight.fr\/index.php?rest_route=%2Fwp%2Fv2%2Fcomments&post=110"}],"version-history":[{"count":2,"href":"https:\/\/meglight.fr\/index.php?rest_route=\/wp\/v2\/pages\/110\/revisions"}],"predecessor-version":[{"id":117,"href":"https:\/\/meglight.fr\/index.php?rest_route=\/wp\/v2\/pages\/110\/revisions\/117"}],"wp:attachment":[{"href":"https:\/\/meglight.fr\/index.php?rest_route=%2Fwp%2Fv2%2Fmedia&parent=110"}],"curies":[{"name":"wp","href":"https:\/\/api.w.org\/{rel}","templated":true}]}}